{"id":365,"date":"2023-08-01T13:08:29","date_gmt":"2023-08-01T11:08:29","guid":{"rendered":"https:\/\/liebling-friedhofwest.de\/?page_id=365"},"modified":"2025-09-12T17:21:55","modified_gmt":"2025-09-12T15:21:55","slug":"gaestebuch","status":"publish","type":"page","link":"https:\/\/liebling-friedhof.de\/en\/gaestebuch\/","title":{"rendered":"Guestbook"},"content":{"rendered":"<div data-elementor-type=\"wp-page\" data-elementor-id=\"365\" class=\"elementor elementor-365\" data-elementor-post-type=\"page\">\n\t\t\t\t<div class=\"elementor-element elementor-element-9e93fbb e-flex e-con-boxed e-con e-parent\" data-id=\"9e93fbb\" data-element_type=\"container\" data-e-type=\"container\">\n\t\t\t\t\t<div class=\"e-con-inner\">\n\t\t\t\t<div class=\"elementor-element elementor-element-09d48e7 elementor-widget elementor-widget-heading\" data-id=\"09d48e7\" data-element_type=\"widget\" data-e-type=\"widget\" data-widget_type=\"heading.default\">\n\t\t\t\t<div class=\"elementor-widget-container\">\n\t\t\t\t\t<h2 class=\"elementor-heading-title elementor-size-default\">Guestbook<\/h2>\t\t\t\t<\/div>\n\t\t\t\t<\/div>\n\t\t\t\t<div class=\"elementor-element elementor-element-4a54663 elementor-widget elementor-widget-text-editor\" data-id=\"4a54663\" data-element_type=\"widget\" data-e-type=\"widget\" data-widget_type=\"text-editor.default\">\n\t\t\t\t<div class=\"elementor-widget-container\">\n\t\t\t\t\t\t\t\t\t<p>Our guestbook allows you to share your thoughts, wishes, and <br>comments with us and other interested visitors on our website. We appreciate your feedback <br>and your suggestions for improving our work and our project.<\/p>\n<p>It may take some time until your entry appears, as this is due to technical reasons.<\/p>\t\t\t\t\t\t\t\t<\/div>\n\t\t\t\t<\/div>\n\t\t\t\t\t<\/div>\n\t\t\t\t<\/div>\n\t\t<div class=\"elementor-element elementor-element-b85bdf2 e-flex e-con-boxed e-con e-parent\" data-id=\"b85bdf2\" data-element_type=\"container\" data-e-type=\"container\">\n\t\t\t\t\t<div class=\"e-con-inner\">\n\t\t\t\t<div class=\"elementor-element elementor-element-e5c88b5 elementor-widget elementor-widget-shortcode\" data-id=\"e5c88b5\" data-element_type=\"widget\" data-e-type=\"widget\" data-widget_type=\"shortcode.default\">\n\t\t\t\t<div class=\"elementor-widget-container\">\n\t\t\t\t\t\t\t<div class=\"elementor-shortcode\"><div class=\"gwolle-gb\"><div class=\"gwolle-gb-messages-top-container\"><\/div>\n\t\t\t<div class=\"gwolle-gb-write-button\">\n\t\t\t\t<input type=\"button\" name=\"gwolle-gb-write-button\" class=\"button btn btn-default\" value=\"Write a new entry.\" aria-expanded=\"false\" \/>\n\t\t\t<\/div>\n\t\t\t<form action=\"#\" method=\"POST\" class=\"gwolle-gb-write gwolle-gb-hide gwolle-gb-float gwolle-gb-form-ajax gwolle-gb-ajax gwolle-gb-not-logged-in\" data-trp-original-action=\"#\">\n\t\t\t\t<h3>Write a new entry in the guestbook<\/h3>\n\t\t\t\t<button type=\"button\" class=\"gb-notice-dismiss\">x<span class=\"screen-reader-text\">Hide this form.<\/span><\/button>\n\t\t\t\n\t\t\t\t<input type=\"hidden\" name=\"gwolle_gb_function\" class=\"gwolle_gb_function\" value=\"add_entry\" \/><input type=\"hidden\" name=\"gwolle_gb_book_id\" class=\"gwolle_gb_book_id\" value=\"1\" \/><div class=\"gwolle_gb_6f67a6240e4caf3363942ae451da33ca\">\n\t\t\t\t<div class=\"label\"><label for=\"gwolle_gb_6f67a6240e4caf3363942ae451da33ca-1\" class=\"text-info\">Name <span class=\"required\">*<\/span><\/label><\/div>\n\t\t\t\t<div class=\"input\"><input class=\"wp-exclude-emoji gwolle_gb_6f67a6240e4caf3363942ae451da33ca\" value=\"\" type=\"text\" id=\"gwolle_gb_6f67a6240e4caf3363942ae451da33ca-1\" name=\"gwolle_gb_6f67a6240e4caf3363942ae451da33ca\" required \/><\/div>\n\t\t\t\t<div class=\"clearBoth\">&nbsp;<\/div>\n\t\t\t<\/div><div class=\"gwolle_gb_509d66f58a6258f4bfaf0157b4606ed8\">\n\t\t\t\t<div class=\"label\"><label for=\"gwolle_gb_509d66f58a6258f4bfaf0157b4606ed8-1\" class=\"text-info\">Email <span class=\"required\">*<\/span><\/label><\/div>\n\t\t\t\t<div class=\"input\"><input class=\"gwolle_gb_509d66f58a6258f4bfaf0157b4606ed8\" value=\"\" type=\"email\" id=\"gwolle_gb_509d66f58a6258f4bfaf0157b4606ed8-1\" name=\"gwolle_gb_509d66f58a6258f4bfaf0157b4606ed8\" required \/><\/div>\n\t\t\t\t<div class=\"clearBoth\">&nbsp;<\/div>\n\t\t\t<\/div><div class=\"gwolle_gb_0ea04b9b52fdcf93e1d62eb3978f494b\">\n\t\t\t\t<div class=\"label\"><label for=\"gwolle_gb_0ea04b9b52fdcf93e1d62eb3978f494b-1\" class=\"text-info\">Website<\/label><\/div>\n\t\t\t\t<div class=\"input\"><input class=\"gwolle_gb_0ea04b9b52fdcf93e1d62eb3978f494b\" value=\"\" type=\"url\" id=\"gwolle_gb_0ea04b9b52fdcf93e1d62eb3978f494b-1\" name=\"gwolle_gb_0ea04b9b52fdcf93e1d62eb3978f494b\" \/><\/div>\n\t\t\t\t<div class=\"clearBoth\">&nbsp;<\/div>\n\t\t\t<\/div>\n\t\t\t<div class=\"gwolle_gb_d0354577107ccf6ba7b9444429c14180\" style=\"display:none;overflow:hidden;\" hidden=\"true\" aria-hidden=\"true\">\n\t\t\t\t<div class=\"label\">\n\t\t\t\t\t<label for=\"gwolle_gb_d0354577107ccf6ba7b9444429c14180-1\" class=\"text-primary\">Do not touch this<\/label>\n\t\t\t\t\t<label for=\"gwolle_gb_3621997b061c1d425eae6b99d1896970-1\" class=\"text-primary\">Do not touch this<\/label>\n\t\t\t\t<\/div>\n\t\t\t\t<div class=\"input\">\n\t\t\t\t\t<input value=\"49\" type=\"text\" id=\"gwolle_gb_d0354577107ccf6ba7b9444429c14180-1\" name=\"gwolle_gb_d0354577107ccf6ba7b9444429c14180\" class=\"gwolle_gb_d0354577107ccf6ba7b9444429c14180\" style=\"transform: translateY(10000px);\" \/>\n\t\t\t\t\t<input value=\"\" type=\"text\" name=\"gwolle_gb_3621997b061c1d425eae6b99d1896970\" id=\"gwolle_gb_3621997b061c1d425eae6b99d1896970-1\" class=\"gwolle_gb_3621997b061c1d425eae6b99d1896970\" style=\"transform: translateY(10000px);\" \/>\n\t\t\t\t<\/div>\n\t\t\t\t<div class=\"clearBoth\"><\/div>\n\t\t\t<\/div>\n\t\t\t<div class=\"gwolle_gb_ac0eb7e73cb0a2711f33499e2c44c76e\" style=\"display:none;overflow:hidden;\" hidden=\"true\" aria-hidden=\"true\">\n\t\t\t\t<div class=\"label\">\n\t\t\t\t\t<label for=\"gwolle_gb_ac0eb7e73cb0a2711f33499e2c44c76e-1\" class=\"text-primary\">Do not touch this<\/label>\n\t\t\t\t\t<label for=\"gwolle_gb_12841d42e60763a85f1d17b874d492ba-1\" class=\"text-primary\">Do not touch this<\/label>\n\t\t\t\t<\/div>\n\t\t\t\t<div class=\"input\">\n\t\t\t\t\t<input value=\"50398\" type=\"text\" id=\"gwolle_gb_ac0eb7e73cb0a2711f33499e2c44c76e-1\" name=\"gwolle_gb_ac0eb7e73cb0a2711f33499e2c44c76e\" class=\"gwolle_gb_ac0eb7e73cb0a2711f33499e2c44c76e\" style=\"transform: translateY(10000px);\" \/>\n\t\t\t\t\t<input value=\"50398\" type=\"text\"id=\"gwolle_gb_12841d42e60763a85f1d17b874d492ba-1\" name=\"gwolle_gb_12841d42e60763a85f1d17b874d492ba\" class=\"gwolle_gb_12841d42e60763a85f1d17b874d492ba\" style=\"transform: translateY(10000px);\" \/>\n\t\t\t\t<\/div>\n\t\t\t\t<div class=\"clearBoth\"><\/div>\n\t\t\t<\/div><div class=\"gwolle_gb_content\">\n\t\t\t\t<div class=\"label\"><label for=\"gwolle_gb_content-1\" class=\"text-info\">Guestbook entry <span class=\"required\">*<\/span><\/label><\/div>\n\t\t\t\t<div class=\"input\"><textarea id=\"gwolle_gb_content-1\" name=\"gwolle_gb_content\" class=\"gwolle_gb_content wp-exclude-emoji\" required><\/textarea><\/div>\n\t\t\t\t\t<div class=\"clearBoth\">&nbsp;<\/div>\n\t\t\t\t<\/div><input type=\"hidden\" class=\"gwolle_gb_ec7a00fa67c1f4131c5a6a9dd77778a0\" id=\"gwolle_gb_ec7a00fa67c1f4131c5a6a9dd77778a0-1\" name=\"gwolle_gb_ec7a00fa67c1f4131c5a6a9dd77778a0\" value=\"383b102f72\" \/>\n\t\t\t<div class=\"gwolle-gb-messages-bottom-container\"><\/div>\n\n\t\t\t<noscript><div class=\"no-js\">Warning: This form can only be used if JavaScript is enabled in your browser.<\/div><\/noscript>\n\n\t\t\t<div class=\"gwolle_gb_submit gwolle-gb-submit\">\n\t\t\t\t<div class=\"label gwolle-gb-invisible text-muted\">&nbsp;<\/div>\n\t\t\t\t<div class=\"input\">\n\t\t\t\t\t<input type=\"submit\" name=\"gwolle_gb_submit\" class=\"gwolle_gb_submit button btn btn-primary\" value=\"Submit\" \/>\n\t\t\t\t\t<span class=\"gwolle_gb_submit_ajax_icon gwolle-gb-submit-ajax-icon\"><\/span>\n\t\t\t\n\t\t\t\t<\/div>\n\t\t\t\t<div class=\"clearBoth\">&nbsp;<\/div>\n\t\t\t<\/div>\n\n\t\t\t<div class=\"gwolle_gb_notice gwolle-gb-notice\">\n\t\t\t\tFields marked with * are required.<br \/>\r\nYour email address will not be published.<br \/>\r\n<br \/>\r\nOur guestbook allows you to share your thoughts, wishes, and<br \/>\r\ncomments with us and other interested visitors on our website. We appreciate your feedback<br \/>\r\nand your suggestions for improving our work and our project.<br \/>\r\n<br \/>\r\nIt may take some time until your entry appears, as this is due to technical reasons.\n\t\t\t<\/div><input type=\"hidden\" name=\"trp-form-language\" value=\"en\"\/><\/form><div class=\"gwolle-gb-read gwolle-gb-ajax gwolle-gb-entries-list\" data-book_id=\"1\" data-page_id=\"1\">\n\t\t<div id=\"gwolle-gb-total\" class=\"gwolle-gb-total\">1 entry.<\/div><!-- Gwolle-GB Entry: Default Template Loaded -->\n\t\t\t\t<div class=\"gb-entry gb-entry_5 gb-entry-count_1 gwolle-gb-uneven gwolle-gb-first\" id=\"gb-entry_5\" data-entry_id=\"5\">\n\t\t\t\t<article>\n\t\t\t\t\t<div class=\"gb-author-info\">\n\t\t\t\t\t\t<span class=\"gb-author-name\"><i class=\"gb-moderator\">Waultraut Eberle<\/i>\n\t\t\t\t\t\t<\/span>\n\t\t\t\t\t\t<span class=\"gb-datetime\">\n\t\t\t\t\t\t\t<span class=\"gb-date\"><span class=\"gb-date-wrote-text\"> wrote on<\/span><span class=\"gb-date-text\"> 14. January 2026<\/span>\n\t\t\t\t\t\t\t<\/span><span class=\"gb-time\">\n\t\t\t\t\t\t\t\t\t<span class=\"gb-time-at-text\"> at<\/span>\n\t\t\t\t\t\t\t\t\t<span class=\"gb-time-text\"> 09:35<\/span>\n\t\t\t\t\t\t\t\t<\/span>\n\t\t\t\t\t\t<\/span> \n\t\t\t\t\t<\/div>\n\t\t\t\t\t<div class=\"gb-entry-content\">Sehr geehrter Herr Bliedung,\r\n\r\nhiermit fordere ich Sie auf, von der Webseite des Vereins Liebling Friedhof West n.e.V. \r\n\r\nmit Frist zum 21.01.2026 \r\n\r\nfolgende Dokumente zu entfernen:: \r\n\r\nMitteilung Okt. (DE)\r\nMitteilung Okt. (EN)\r\nMitteilung Okt. (RO)\r\nPetition (DE)\r\nPetition (EN)\r\nPetition (RO)\r\n\r\nSollten Sie der Aufforderung nicht nachkommen, werde ich rechtliche Schritte gegen Sie in die Wege leiten.\r\n\r\nMit freundlichen Gr\u00fc\u00dfen\r\n\r\nDipl.- Ing. Architektin (Univ.) Waltraut Eberle\r\nPirmasenser Str. 58\r\n90469 N\u00fcrnberg\r\nmobil:+49 (0) 1522 1046015\r\nemail: waltraut.eberle@gmail.com\r\nhttps:\/\/waltraut-eberle.de\n\t\t\t\t\t<\/div>\n\t\t\t\t\t<div class=\"gb-entry-admin_reply\">\n\t\t\t\t\t\t<div class=\"gb-admin-reply-uid\">\n\t\t\t\t\t\t\t<em>Admin Reply by: Peter Bliedung<\/em>\n\t\t\t\t\t\t<\/div> \n\t\t\t\t\t\t<div class=\"gb-admin-reply-content\">\n\t\t\t\t\t\tSehr geehrte Frau Waltraut Eberle,\r\n\r\nSie haben bereits mehrfach unberechtigte Forderungen gegen\u00fcber dem Verein erhoben, obwohl Ihnen hierf\u00fcr jegliche rechtliche Grundlage sowie die erforderliche Befugnis fehlen. Dieses Verhalten ist nicht akzeptabel. Ich fordere Sie hiermit nachdr\u00fccklich auf, k\u00fcnftig von weiteren unberechtigten Forderungen gegen den Verein, aber auch mich pers\u00f6nlich, abzusehen. In Ihrem Schreiben vom 12.11.2024 haben Sie mitgeteilt:   \u201eWir sollten bitte bei der Wahrheit bleiben.\u201c Der Inhalt der Dokumente, zu deren L\u00f6schung Sie uns auffordern, entspricht genau Ihrer Forderung, der Wahrheit, und wird nicht gel\u00f6scht.\r\nLink zu den Dokumenten: https:\/\/liebling-friedhof.de\/wp-content\/uploads\/2025\/12\/Petition-Nachweise.zip \r\nPeter Bliedung \r\nVorstand Liebling \r\nFriedhof West n. e. V.\n\t\t\t\t\t\t<\/div>\n\t\t\t\t\t<\/div>\n\t\t\t\t<\/article>\n\t\t\t<\/div>\n\t\t\t<\/div><\/div><\/div>\n\t\t\t\t\t\t<\/div>\n\t\t\t\t<\/div>\n\t\t\t\t\t<\/div>\n\t\t\t\t<\/div>\n\t\t\t\t<\/div>","protected":false},"excerpt":{"rendered":"<p>G\u00e4stebuch Unser G\u00e4stebuch erm\u00f6glicht es Ihnen auf unserer Website, ihre Gedanken, W\u00fcnsche und Kommentare mit uns und anderen Interessierten zu teilen. Wir freuen uns \u00fcber Ihr Feedback und Ihre Anregungen zur Verbesserung unserer Arbeit und unseres Projekts. Bis zum Erscheinen Ihres Eintrages kann es einige Zeit dauern, dies ist technisch bedingt.<\/p>","protected":false},"author":1,"featured_media":0,"parent":0,"menu_order":0,"comment_status":"closed","ping_status":"closed","template":"","meta":{"give_campaign_id":0,"footnotes":""},"class_list":["post-365","page","type-page","status-publish","hentry"],"campaignId":"","_links":{"self":[{"href":"https:\/\/liebling-friedhof.de\/en\/wp-json\/wp\/v2\/pages\/365","targetHints":{"allow":["GET"]}}],"collection":[{"href":"https:\/\/liebling-friedhof.de\/en\/wp-json\/wp\/v2\/pages"}],"about":[{"href":"https:\/\/liebling-friedhof.de\/en\/wp-json\/wp\/v2\/types\/page"}],"author":[{"embeddable":true,"href":"https:\/\/liebling-friedhof.de\/en\/wp-json\/wp\/v2\/users\/1"}],"replies":[{"embeddable":true,"href":"https:\/\/liebling-friedhof.de\/en\/wp-json\/wp\/v2\/comments?post=365"}],"version-history":[{"count":10,"href":"https:\/\/liebling-friedhof.de\/en\/wp-json\/wp\/v2\/pages\/365\/revisions"}],"predecessor-version":[{"id":1766,"href":"https:\/\/liebling-friedhof.de\/en\/wp-json\/wp\/v2\/pages\/365\/revisions\/1766"}],"wp:attachment":[{"href":"https:\/\/liebling-friedhof.de\/en\/wp-json\/wp\/v2\/media?parent=365"}],"curies":[{"name":"wp","href":"https:\/\/api.w.org\/{rel}","templated":true}]}}